{"id":9601,"date":"2025-03-21T22:57:38","date_gmt":"2025-03-21T22:57:38","guid":{"rendered":"http:\/\/www.alkilicinsaat.com\/?page_id=9601"},"modified":"2025-03-21T22:57:38","modified_gmt":"2025-03-21T22:57:38","slug":"visyon-misyon","status":"publish","type":"page","link":"https:\/\/www.alkilicinsaat.com\/?page_id=9601","title":{"rendered":"Visyon &#038; Misyon"},"content":{"rendered":"<div class=\"wpb-content-wrapper\"><p>[vc_row][vc_column width=&#8221;1\/2&#8243;][vc_column_text css=&#8221;.vc_custom_1742597249451{margin: 15px !important;}&#8221; woodmart_inline=&#8221;no&#8221; text_larger=&#8221;no&#8221;]Hizmet etti\u011fimiz toplum i\u00e7in en g\u00fcvenilir ve sa\u011fl\u0131kl\u0131 olan\u0131 bir noktada bulu\u015fturarak, de\u011fi\u015fimlere ayak uyduran, kal\u0131c\u0131 olmay\u0131 ve s\u00fcrekli b\u00fcy\u00fcmeyi hedefleyen \u015firketimiz bu anlay\u0131\u015f i\u00e7inde \u00e7al\u0131\u015fmaktad\u0131r.Yapt\u0131\u011f\u0131m\u0131z projelerdeki amac\u0131m\u0131z insan hayat\u0131n\u0131 kolayla\u015ft\u0131ran huzur dolu g\u00fcvenli mekanlar \u00fcretmektir.<\/p>\n<p>\u00c7a\u011fda\u015f ya\u015fam\u0131n t\u00fcm ihtiya\u00e7lar\u0131na cevap veren, insanlar\u0131n ya\u015fam alanlar\u0131na kaliteli ve g\u00fcvenilir hizmet sunan, in\u015faat sekt\u00f6r\u00fcnde ekonomik, estetik ve g\u00fcvenli\u011fi bir arada sa\u011flayan, kaliteli \u00fcretim ve ya\u015fanabilir \u00e7evre yaratma \u00e7abas\u0131nda olan firmam\u0131z; yap\u0131 alan\u0131nda kal\u0131c\u0131 \u00e7\u00f6z\u00fcmler sunan bir kurulu\u015f olmu\u015ftur. Daha modern \u00e7a\u011fda\u015f yap\u0131lar \u00fcretmek i\u00e7in sekt\u00f6rdeki geli\u015fen teknolojiyi yak\u0131ndan takip ederek, en etkin \u015fekilde kullanmak prensiplerimiz aras\u0131ndad\u0131r.[\/vc_column_text][\/vc_column][vc_column width=&#8221;1\/2&#8243;]\t\t<div id=\"wd-67ddede7f0e1d\" class=\"wd-image wd-wpb wd-rs-67ddede7f0e1d text-left \">\n\t\t\t\n\t\t\t<img loading=\"lazy\" decoding=\"async\" width=\"400\" height=\"255\" src=\"https:\/\/www.alkilicinsaat.com\/wp-content\/uploads\/2025\/03\/misyon-400x255.jpg\" class=\"attachment-medium size-medium\" alt=\"\" srcset=\"https:\/\/www.alkilicinsaat.com\/wp-content\/uploads\/2025\/03\/misyon-400x255.jpg 400w, https:\/\/www.alkilicinsaat.com\/wp-content\/uploads\/2025\/03\/misyon-430x274.jpg 430w, https:\/\/www.alkilicinsaat.com\/wp-content\/uploads\/2025\/03\/misyon-700x447.jpg 700w, https:\/\/www.alkilicinsaat.com\/wp-content\/uploads\/2025\/03\/misyon-150x96.jpg 150w, https:\/\/www.alkilicinsaat.com\/wp-content\/uploads\/2025\/03\/misyon.jpg 705w\" sizes=\"auto, (max-width: 400px) 100vw, 400px\" \/>\n\t\t\t\t\t<\/div>\n\t\t[\/vc_column][\/vc_row]<\/p>\n<\/div>","protected":false},"excerpt":{"rendered":"<p>[vc_row][vc_column width=&#8221;1\/2&#8243;][vc_column_text css=&#8221;.vc_custom_1742597249451{margin: 15px !important;}&#8221; woodmart_inline=&#8221;no&#8221; text_larger=&#8221;no&#8221;]Hizmet etti\u011fimiz toplum i\u00e7in en g\u00fcvenilir ve sa\u011fl\u0131kl\u0131 olan\u0131 bir noktada bulu\u015fturarak, de\u011fi\u015fimlere ayak<\/p>\n","protected":false},"author":1,"featured_media":0,"parent":0,"menu_order":0,"comment_status":"closed","ping_status":"closed","template":"","meta":{"_joinchat":[],"footnotes":""},"class_list":["post-9601","page","type-page","status-publish","hentry"],"_links":{"self":[{"href":"https:\/\/www.alkilicinsaat.com\/index.php?rest_route=\/wp\/v2\/pages\/9601","targetHints":{"allow":["GET"]}}],"collection":[{"href":"https:\/\/www.alkilicinsaat.com\/index.php?rest_route=\/wp\/v2\/pages"}],"about":[{"href":"https:\/\/www.alkilicinsaat.com\/index.php?rest_route=\/wp\/v2\/types\/page"}],"author":[{"embeddable":true,"href":"https:\/\/www.alkilicinsaat.com\/index.php?rest_route=\/wp\/v2\/users\/1"}],"replies":[{"embeddable":true,"href":"https:\/\/www.alkilicinsaat.com\/index.php?rest_route=%2Fwp%2Fv2%2Fcomments&post=9601"}],"version-history":[{"count":4,"href":"https:\/\/www.alkilicinsaat.com\/index.php?rest_route=\/wp\/v2\/pages\/9601\/revisions"}],"predecessor-version":[{"id":9605,"href":"https:\/\/www.alkilicinsaat.com\/index.php?rest_route=\/wp\/v2\/pages\/9601\/revisions\/9605"}],"wp:attachment":[{"href":"https:\/\/www.alkilicinsaat.com\/index.php?rest_route=%2Fwp%2Fv2%2Fmedia&parent=9601"}],"curies":[{"name":"wp","href":"https:\/\/api.w.org\/{rel}","templated":true}]}}