{"id":9533,"date":"2025-03-19T20:23:24","date_gmt":"2025-03-19T20:23:24","guid":{"rendered":"http:\/\/www.alkilicinsaat.com\/?page_id=9533"},"modified":"2025-03-27T00:59:46","modified_gmt":"2025-03-27T00:59:46","slug":"devam-eden","status":"publish","type":"page","link":"https:\/\/www.alkilicinsaat.com\/?page_id=9533","title":{"rendered":"Devam Eden Projelerimiz"},"content":{"rendered":"<div class=\"wpb-content-wrapper\"><p>[vc_row full_width=&#8221;stretch_row&#8221; css=&#8221;.vc_custom_1638374520038{margin-bottom: 80px !important;padding-top: 80px !important;padding-bottom: 80px !important;background-color: #fbfbfb !important;}&#8221; woodmart_parallax=&#8221;0&#8243; woodmart_gradient_switch=&#8221;no&#8221; row_reverse_mobile=&#8221;0&#8243; row_reverse_tablet=&#8221;0&#8243; woodmart_disable_overflow=&#8221;0&#8243; woodmart_css_id=&#8221;61a79c71cd85f&#8221; responsive_spacing=&#8221;eyJwYXJhbV90eXBlIjoid29vZG1hcnRfcmVzcG9uc2l2ZV9zcGFjaW5nIiwic2VsZWN0b3JfaWQiOiI2MWE3OWM3MWNkODVmIiwic2hvcnRjb2RlIjoidmNfcm93IiwiZGF0YSI6eyJ0YWJsZXQiOnt9LCJtb2JpbGUiOnt9fX0=&#8221; mobile_bg_img_hidden=&#8221;no&#8221; tablet_bg_img_hidden=&#8221;no&#8221; woodmart_box_shadow=&#8221;no&#8221; wd_z_index=&#8221;no&#8221;][vc_column css=&#8221;.vc_custom_1538060486358{padding-top: 0px !important;}&#8221; woodmart_parallax=&#8221;0&#8243; parallax_scroll=&#8221;no&#8221; woodmart_sticky_column=&#8221;false&#8221;]\n\t\t<div id=\"wd-67de07b89d48f\" class=\"title-wrapper wd-wpb wd-set-mb reset-last-child  wd-rs-67de07b89d48f wd-title-color-primary wd-title-style-simple text-center  wd-width-enabled wd-underline-colored\" style=\"--wd-max-width: 60%;\">\n\t\t\t\n\t\t\t<div class=\"liner-continer\">\n\t\t\t\t<h4 class=\"woodmart-title-container title  wd-font-weight- wd-fontsize-l\" >Devam Eden Projelerimiz<\/h4>\n\t\t\t\t\t\t\t<\/div>\n\t\t\t\n\t\t\t\n\t\t\t\n\t\t<\/div>\n\t\t\n\t\t[vc_row_inner content_placement=&#8221;top&#8221; row_reverse_mobile=&#8221;0&#8243; row_reverse_tablet=&#8221;0&#8243; woodmart_css_id=&#8221;61a79c7e70f0a&#8221; responsive_spacing=&#8221;eyJwYXJhbV90eXBlIjoid29vZG1hcnRfcmVzcG9uc2l2ZV9zcGFjaW5nIiwic2VsZWN0b3JfaWQiOiI2MWE3OWM3ZTcwZjBhIiwic2hvcnRjb2RlIjoidmNfcm93X2lubmVyIiwiZGF0YSI6eyJ0YWJsZXQiOnt9LCJtb2JpbGUiOnt9fX0=&#8221; mobile_bg_img_hidden=&#8221;no&#8221; tablet_bg_img_hidden=&#8221;no&#8221; woodmart_parallax=&#8221;0&#8243; woodmart_gradient_switch=&#8221;no&#8221; woodmart_box_shadow=&#8221;no&#8221; wd_z_index=&#8221;no&#8221; woodmart_disable_overflow=&#8221;0&#8243;][vc_column_inner width=&#8221;1\/2&#8243; css=&#8221;.vc_custom_1742604204895{padding-top: 0px !important;padding-right: 10px !important;padding-bottom: 20px !important;padding-left: 10px !important;}&#8221; woodmart_css_id=&#8221;67de0799f0691&#8243; parallax_scroll=&#8221;no&#8221; woodmart_sticky_column=&#8221;false&#8221; wd_collapsible_content_switcher=&#8221;no&#8221; mobile_bg_img_hidden=&#8221;no&#8221; tablet_bg_img_hidden=&#8221;no&#8221; woodmart_parallax=&#8221;0&#8243; woodmart_box_shadow=&#8221;no&#8221; wd_z_index=&#8221;no&#8221; responsive_spacing=&#8221;eyJwYXJhbV90eXBlIjoid29vZG1hcnRfcmVzcG9uc2l2ZV9zcGFjaW5nIiwic2VsZWN0b3JfaWQiOiI2N2RlMDc5OWYwNjkxIiwic2hvcnRjb2RlIjoidmNfY29sdW1uX2lubmVyIiwiZGF0YSI6eyJ0YWJsZXQiOnt9LCJtb2JpbGUiOnt9fX0=&#8221; wd_column_role_offcanvas_desktop=&#8221;no&#8221; wd_column_role_offcanvas_tablet=&#8221;no&#8221; wd_column_role_offcanvas_mobile=&#8221;no&#8221; wd_column_role_content_desktop=&#8221;no&#8221; wd_column_role_content_tablet=&#8221;no&#8221; wd_column_role_content_mobile=&#8221;no&#8221;]\t\t\t<div class=\"info-box-wrapper\">\n\t\t\t\t<div id=\"wd-67e1fd08c2171\" class=\" wd-rs-67e1fd08c2171 wd-info-box wd-wpb text-center box-icon-align-top box-style-bg-hover color-scheme-dark wd-bg-none color-scheme-hover-light vc_custom_1742863651915\">\n\t\t\t\t\t\t\t\t\t\t\t<div class=\"box-icon-wrapper  box-with-icon box-icon-simple\">\n\t\t\t\t\t\t\t<div class=\"info-box-icon\">\n\n\t\t\t\t\t\t\t\n\t\t\t\t\t\t\t\t\t\t\t\t\t\t\t\t\t<img loading=\"lazy\" decoding=\"async\" width=\"800\" height=\"600\" src=\"https:\/\/www.alkilicinsaat.com\/wp-content\/uploads\/2025\/03\/16373-ADA-928-PARSEL-KATALOG-0.pdf-image-000-scaled-800x600.jpg\" class=\"attachment-800x600 size-800x600\" alt=\"\" \/>\t\t\t\t\t\t\t\t\t\t\t\t\t\t\t\n\t\t\t\t\t\t\t<\/div>\n\t\t\t\t\t\t<\/div>\n\t\t\t\t\t\t\t\t\t\t<div class=\"info-box-content\">\n\t\t\t\t\t\t<h4 class=\"info-box-title title box-title-style-default wd-fontsize-m\">Ba\u011flarba\u015f\u0131 Mahallesi<br \/>\n16373 ADA 928 PARSEL<\/h4>\t\t\t\t\t\t<div class=\"info-box-inner reset-last-child\"><p>Proje Detaylar\u0131 \u0130\u00e7in T\u0131klay\u0131n\u0131z<\/p>\n<\/div>\n\n\t\t\t\t\t\t\t\t\t\t\t<\/div>\n\n\t\t\t\t\t\t\t\t\t\t\t<a class=\"wd-info-box-link wd-fill\" aria-label=\"Infobox link\" href=\"http:\/\/www.alkilicinsaat.com\/?page_id=9698\" title=\"Ba\u011flarba\u015f\u0131 Mah. 16373 Ada 928 Parsel\"><\/a>\n\t\t\t\t\t\n\t\t\t\t\t<style><\/style>\t\t\t\t<\/div>\n\t\t\t<\/div>\n\t\t[\/vc_column_inner][vc_column_inner width=&#8221;1\/2&#8243;]\t\t\t<div class=\"info-box-wrapper\">\n\t\t\t\t<div id=\"wd-69e1f130c46e0\" class=\" wd-info-box wd-wpb text-left box-icon-align-top box-style- color-scheme- wd-bg-none \">\n\t\t\t\t\t\t\t\t\t\t<div class=\"info-box-content\">\n\t\t\t\t\t\t\t\t\t\t\t\t<div class=\"info-box-inner reset-last-child\"><\/div>\n\n\t\t\t\t\t\t\t\t\t\t\t<\/div>\n\n\t\t\t\t\t\n\t\t\t\t\t\t\t\t\t<\/div>\n\t\t\t<\/div>\n\t\t\t\t\t<div class=\"info-box-wrapper\">\n\t\t\t\t<div id=\"wd-67e1fcb436ac5\" class=\" wd-rs-67e1fcb436ac5 wd-info-box wd-wpb text-center box-icon-align-top box-style-bg-hover color-scheme-dark wd-bg-none color-scheme-hover-light vc_custom_1742863613898\">\n\t\t\t\t\t\t\t\t\t\t\t<div class=\"box-icon-wrapper  box-with-icon box-icon-simple\">\n\t\t\t\t\t\t\t<div class=\"info-box-icon\">\n\n\t\t\t\t\t\t\t\n\t\t\t\t\t\t\t\t\t\t\t\t\t\t\t\t\t<img loading=\"lazy\" decoding=\"async\" width=\"800\" height=\"600\" src=\"https:\/\/www.alkilicinsaat.com\/wp-content\/uploads\/2025\/03\/2351-ADA-60-PARSEL-KATALOG-1_250317_223752.pdf-image-000-scaled-800x600.jpg\" class=\"attachment-800x600 size-800x600\" alt=\"\" \/>\t\t\t\t\t\t\t\t\t\t\t\t\t\t\t\n\t\t\t\t\t\t\t<\/div>\n\t\t\t\t\t\t<\/div>\n\t\t\t\t\t\t\t\t\t\t<div class=\"info-box-content\">\n\t\t\t\t\t\t<h4 class=\"info-box-title title box-title-style-default wd-fontsize-m\">Yal\u0131 Mahallesi Dragos<br \/>\n2351 ADA 60 PARSEL<\/h4>\t\t\t\t\t\t<div class=\"info-box-inner reset-last-child\"><p>Proje Detaylar\u0131 \u0130\u00e7in T\u0131klay\u0131n\u0131z<\/p>\n<\/div>\n\n\t\t\t\t\t\t\t\t\t\t\t<\/div>\n\n\t\t\t\t\t\t\t\t\t\t\t<a class=\"wd-info-box-link wd-fill\" aria-label=\"Infobox link\" href=\"http:\/\/www.alkilicinsaat.com\/?page_id=9730\" title=\"Yal\u0131 Mah. Dragos - 2351 Ada 60 Parsel\"><\/a>\n\t\t\t\t\t\n\t\t\t\t\t<style><\/style>\t\t\t\t<\/div>\n\t\t\t<\/div>\n\t\t[\/vc_column_inner][\/vc_row_inner][vc_row_inner content_placement=&#8221;top&#8221; row_reverse_mobile=&#8221;0&#8243; row_reverse_tablet=&#8221;0&#8243; woodmart_css_id=&#8221;61a79c7e70f0a&#8221; responsive_spacing=&#8221;eyJwYXJhbV90eXBlIjoid29vZG1hcnRfcmVzcG9uc2l2ZV9zcGFjaW5nIiwic2VsZWN0b3JfaWQiOiI2MWE3OWM3ZTcwZjBhIiwic2hvcnRjb2RlIjoidmNfcm93X2lubmVyIiwiZGF0YSI6eyJ0YWJsZXQiOnt9LCJtb2JpbGUiOnt9fX0=&#8221; mobile_bg_img_hidden=&#8221;no&#8221; tablet_bg_img_hidden=&#8221;no&#8221; woodmart_parallax=&#8221;0&#8243; woodmart_gradient_switch=&#8221;no&#8221; woodmart_box_shadow=&#8221;no&#8221; wd_z_index=&#8221;no&#8221; woodmart_disable_overflow=&#8221;0&#8243;][vc_column_inner width=&#8221;1\/2&#8243; css=&#8221;.vc_custom_1742604204895{padding-top: 0px !important;padding-right: 10px !important;padding-bottom: 20px !important;padding-left: 10px !important;}&#8221; woodmart_css_id=&#8221;67de0799f0691&#8243; parallax_scroll=&#8221;no&#8221; woodmart_sticky_column=&#8221;false&#8221; wd_collapsible_content_switcher=&#8221;no&#8221; mobile_bg_img_hidden=&#8221;no&#8221; tablet_bg_img_hidden=&#8221;no&#8221; woodmart_parallax=&#8221;0&#8243; woodmart_box_shadow=&#8221;no&#8221; wd_z_index=&#8221;no&#8221; responsive_spacing=&#8221;eyJwYXJhbV90eXBlIjoid29vZG1hcnRfcmVzcG9uc2l2ZV9zcGFjaW5nIiwic2VsZWN0b3JfaWQiOiI2N2RlMDc5OWYwNjkxIiwic2hvcnRjb2RlIjoidmNfY29sdW1uX2lubmVyIiwiZGF0YSI6eyJ0YWJsZXQiOnt9LCJtb2JpbGUiOnt9fX0=&#8221; wd_column_role_offcanvas_desktop=&#8221;no&#8221; wd_column_role_offcanvas_tablet=&#8221;no&#8221; wd_column_role_offcanvas_mobile=&#8221;no&#8221; wd_column_role_content_desktop=&#8221;no&#8221; wd_column_role_content_tablet=&#8221;no&#8221; wd_column_role_content_mobile=&#8221;no&#8221;]\t\t\t<div class=\"info-box-wrapper\">\n\t\t\t\t<div id=\"wd-67e3582f4426a\" class=\" wd-rs-67e3582f4426a wd-info-box wd-wpb text-center box-icon-align-top box-style-bg-hover color-scheme-dark wd-bg-none color-scheme-hover-light vc_custom_1742952581352\">\n\t\t\t\t\t\t\t\t\t\t\t<div class=\"box-icon-wrapper  box-with-icon box-icon-simple\">\n\t\t\t\t\t\t\t<div class=\"info-box-icon\">\n\n\t\t\t\t\t\t\t\n\t\t\t\t\t\t\t\t\t\t\t\t\t\t\t\t\t<img loading=\"lazy\" decoding=\"async\" width=\"800\" height=\"600\" src=\"https:\/\/www.alkilicinsaat.com\/wp-content\/uploads\/2025\/03\/15898-ADA-6-PARSEL-KATALOG-1.pdf-image-000-scaled-800x600.jpg\" class=\"attachment-800x600 size-800x600\" alt=\"\" \/>\t\t\t\t\t\t\t\t\t\t\t\t\t\t\t\n\t\t\t\t\t\t\t<\/div>\n\t\t\t\t\t\t<\/div>\n\t\t\t\t\t\t\t\t\t\t<div class=\"info-box-content\">\n\t\t\t\t\t\t<h4 class=\"info-box-title title box-title-style-default wd-fontsize-m\">K\u00fc\u00e7\u00fckyal\u0131 Mahallesi Sahil<br \/>\n15898 Ada 6 Parsel<\/h4>\t\t\t\t\t\t<div class=\"info-box-inner reset-last-child\"><p>Proje Detaylar\u0131 i\u00e7in T\u0131klay\u0131n\u0131z<\/p>\n<\/div>\n\n\t\t\t\t\t\t\t\t\t\t\t<\/div>\n\n\t\t\t\t\t\t\t\t\t\t\t<a class=\"wd-info-box-link wd-fill\" aria-label=\"Infobox link\" href=\"http:\/\/www.alkilicinsaat.com\/?page_id=9772\" title=\"K\u00fc\u00e7\u00fckyal\u0131 Mah. 15898 Ada 6 Parsel\"><\/a>\n\t\t\t\t\t\n\t\t\t\t\t<style><\/style>\t\t\t\t<\/div>\n\t\t\t<\/div>\n\t\t[\/vc_column_inner][vc_column_inner width=&#8221;1\/2&#8243;]\t\t\t<div class=\"info-box-wrapper\">\n\t\t\t\t<div id=\"wd-67e4a09bdf19e\" class=\" wd-rs-67e4a09bdf19e wd-info-box wd-wpb text-center box-icon-align-top box-style-bg-hover color-scheme-dark wd-bg-none color-scheme-hover-light vc_custom_1743036625665\">\n\t\t\t\t\t\t\t\t\t\t\t<div class=\"box-icon-wrapper  box-with-icon box-icon-simple\">\n\t\t\t\t\t\t\t<div class=\"info-box-icon\">\n\n\t\t\t\t\t\t\t\n\t\t\t\t\t\t\t\t\t\t\t\t\t\t\t\t\t<img loading=\"lazy\" decoding=\"async\" width=\"800\" height=\"600\" src=\"https:\/\/www.alkilicinsaat.com\/wp-content\/uploads\/2025\/03\/Proje-15933-29SunumPaftalari-0000-scaled-800x600.jpg\" class=\"attachment-800x600 size-800x600\" alt=\"\" \/>\t\t\t\t\t\t\t\t\t\t\t\t\t\t\t\n\t\t\t\t\t\t\t<\/div>\n\t\t\t\t\t\t<\/div>\n\t\t\t\t\t\t\t\t\t\t<div class=\"info-box-content\">\n\t\t\t\t\t\t<h4 class=\"info-box-title title box-title-style-default wd-fontsize-m\">Feyzullah Mahallesi - S\u00fcreyya Plaj\u0131<br \/>\n15933 ADA 29 PARSEL<\/h4>\t\t\t\t\t\t<div class=\"info-box-inner reset-last-child\"><p>Proje Detaylar\u0131 i\u00e7in T\u0131klay\u0131n\u0131z<\/p>\n<\/div>\n\n\t\t\t\t\t\t\t\t\t\t\t<\/div>\n\n\t\t\t\t\t\t\t\t\t\t\t<a class=\"wd-info-box-link wd-fill\" aria-label=\"Infobox link\" href=\"http:\/\/www.alkilicinsaat.com\/?page_id=9787\" title=\"Feyzullah-15933-29\"><\/a>\n\t\t\t\t\t\n\t\t\t\t\t<style><\/style>\t\t\t\t<\/div>\n\t\t\t<\/div>\n\t\t[\/vc_column_inner][\/vc_row_inner][vc_row_inner content_placement=&#8221;top&#8221; row_reverse_mobile=&#8221;0&#8243; row_reverse_tablet=&#8221;0&#8243; woodmart_css_id=&#8221;61a79c7e70f0a&#8221; responsive_spacing=&#8221;eyJwYXJhbV90eXBlIjoid29vZG1hcnRfcmVzcG9uc2l2ZV9zcGFjaW5nIiwic2VsZWN0b3JfaWQiOiI2MWE3OWM3ZTcwZjBhIiwic2hvcnRjb2RlIjoidmNfcm93X2lubmVyIiwiZGF0YSI6eyJ0YWJsZXQiOnt9LCJtb2JpbGUiOnt9fX0=&#8221; mobile_bg_img_hidden=&#8221;no&#8221; tablet_bg_img_hidden=&#8221;no&#8221; woodmart_parallax=&#8221;0&#8243; woodmart_gradient_switch=&#8221;no&#8221; woodmart_box_shadow=&#8221;no&#8221; wd_z_index=&#8221;no&#8221; woodmart_disable_overflow=&#8221;0&#8243;][vc_column_inner width=&#8221;1\/2&#8243; css=&#8221;.vc_custom_1742604204895{padding-top: 0px !important;padding-right: 10px !important;padding-bottom: 20px !important;padding-left: 10px !important;}&#8221; woodmart_css_id=&#8221;67de0799f0691&#8243; parallax_scroll=&#8221;no&#8221; woodmart_sticky_column=&#8221;false&#8221; wd_collapsible_content_switcher=&#8221;no&#8221; mobile_bg_img_hidden=&#8221;no&#8221; tablet_bg_img_hidden=&#8221;no&#8221; woodmart_parallax=&#8221;0&#8243; woodmart_box_shadow=&#8221;no&#8221; wd_z_index=&#8221;no&#8221; responsive_spacing=&#8221;eyJwYXJhbV90eXBlIjoid29vZG1hcnRfcmVzcG9uc2l2ZV9zcGFjaW5nIiwic2VsZWN0b3JfaWQiOiI2N2RlMDc5OWYwNjkxIiwic2hvcnRjb2RlIjoidmNfY29sdW1uX2lubmVyIiwiZGF0YSI6eyJ0YWJsZXQiOnt9LCJtb2JpbGUiOnt9fX0=&#8221; wd_column_role_offcanvas_desktop=&#8221;no&#8221; wd_column_role_offcanvas_tablet=&#8221;no&#8221; wd_column_role_offcanvas_mobile=&#8221;no&#8221; wd_column_role_content_desktop=&#8221;no&#8221; wd_column_role_content_tablet=&#8221;no&#8221; wd_column_role_content_mobile=&#8221;no&#8221;]\t\t\t<div class=\"info-box-wrapper\">\n\t\t\t\t<div id=\"wd-67e4a28bd7955\" class=\" wd-rs-67e4a28bd7955 wd-info-box wd-wpb text-center box-icon-align-top box-style-bg-hover color-scheme-dark wd-bg-none color-scheme-hover-light vc_custom_1743037098915\">\n\t\t\t\t\t\t\t\t\t\t\t<div class=\"box-icon-wrapper  box-with-icon box-icon-simple\">\n\t\t\t\t\t\t\t<div class=\"info-box-icon\">\n\n\t\t\t\t\t\t\t\n\t\t\t\t\t\t\t\t\t\t\t\t\t\t\t\t\t<img loading=\"lazy\" decoding=\"async\" width=\"800\" height=\"600\" src=\"https:\/\/www.alkilicinsaat.com\/wp-content\/uploads\/2025\/03\/15910-130-SUNUM-SETI-KATALOG3.pdf-image-000-scaled-800x600.jpg\" class=\"attachment-800x600 size-800x600\" alt=\"\" \/>\t\t\t\t\t\t\t\t\t\t\t\t\t\t\t\n\t\t\t\t\t\t\t<\/div>\n\t\t\t\t\t\t<\/div>\n\t\t\t\t\t\t\t\t\t\t<div class=\"info-box-content\">\n\t\t\t\t\t\t<h4 class=\"info-box-title title box-title-style-default wd-fontsize-m\">Feyzullah Mahallesi<br \/>\n15910 Ada 130 Parsel<\/h4>\t\t\t\t\t\t<div class=\"info-box-inner reset-last-child\"><p>Proje Detaylar\u0131 i\u00e7in T\u0131klay\u0131n\u0131z<\/p>\n<\/div>\n\n\t\t\t\t\t\t\t\t\t\t\t<\/div>\n\n\t\t\t\t\t\t\t\t\t\t\t<a class=\"wd-info-box-link wd-fill\" aria-label=\"Infobox link\" href=\"http:\/\/www.alkilicinsaat.com\/?page_id=9797\" title=\"Feyzullah-15910-130\"><\/a>\n\t\t\t\t\t\n\t\t\t\t\t<style><\/style>\t\t\t\t<\/div>\n\t\t\t<\/div>\n\t\t[\/vc_column_inner][vc_column_inner width=&#8221;1\/2&#8243;]\t\t\t<div class=\"info-box-wrapper\">\n\t\t\t\t<div id=\"wd-67e4a09bdf19e\" class=\" wd-rs-67e4a09bdf19e wd-info-box wd-wpb text-center box-icon-align-top box-style-bg-hover color-scheme-dark wd-bg-none color-scheme-hover-light vc_custom_1743036625665\">\n\t\t\t\t\t\t\t\t\t\t\t<div class=\"box-icon-wrapper  box-with-icon box-icon-simple\">\n\t\t\t\t\t\t\t<div class=\"info-box-icon\">\n\n\t\t\t\t\t\t\t\n\t\t\t\t\t\t\t\t\t\t\t\t\t\t\t\t\t<img loading=\"lazy\" decoding=\"async\" width=\"800\" height=\"600\" src=\"https:\/\/www.alkilicinsaat.com\/wp-content\/uploads\/2025\/03\/Proje-15933-29SunumPaftalari-0000-scaled-800x600.jpg\" class=\"attachment-800x600 size-800x600\" alt=\"\" \/>\t\t\t\t\t\t\t\t\t\t\t\t\t\t\t\n\t\t\t\t\t\t\t<\/div>\n\t\t\t\t\t\t<\/div>\n\t\t\t\t\t\t\t\t\t\t<div class=\"info-box-content\">\n\t\t\t\t\t\t<h4 class=\"info-box-title title box-title-style-default wd-fontsize-m\">Feyzullah Mahallesi - S\u00fcreyya Plaj\u0131<br \/>\n15933 ADA 29 PARSEL<\/h4>\t\t\t\t\t\t<div class=\"info-box-inner reset-last-child\"><p>Proje Detaylar\u0131 i\u00e7in T\u0131klay\u0131n\u0131z<\/p>\n<\/div>\n\n\t\t\t\t\t\t\t\t\t\t\t<\/div>\n\n\t\t\t\t\t\t\t\t\t\t\t<a class=\"wd-info-box-link wd-fill\" aria-label=\"Infobox link\" href=\"http:\/\/www.alkilicinsaat.com\/?page_id=9787\" title=\"Feyzullah-15933-29\"><\/a>\n\t\t\t\t\t\n\t\t\t\t\t<style><\/style>\t\t\t\t<\/div>\n\t\t\t<\/div>\n\t\t[\/vc_column_inner][\/vc_row_inner][vc_row_inner content_placement=&#8221;top&#8221; row_reverse_mobile=&#8221;0&#8243; row_reverse_tablet=&#8221;0&#8243; woodmart_css_id=&#8221;61a79c7e70f0a&#8221; responsive_spacing=&#8221;eyJwYXJhbV90eXBlIjoid29vZG1hcnRfcmVzcG9uc2l2ZV9zcGFjaW5nIiwic2VsZWN0b3JfaWQiOiI2MWE3OWM3ZTcwZjBhIiwic2hvcnRjb2RlIjoidmNfcm93X2lubmVyIiwiZGF0YSI6eyJ0YWJsZXQiOnt9LCJtb2JpbGUiOnt9fX0=&#8221; mobile_bg_img_hidden=&#8221;no&#8221; tablet_bg_img_hidden=&#8221;no&#8221; woodmart_parallax=&#8221;0&#8243; woodmart_gradient_switch=&#8221;no&#8221; woodmart_box_shadow=&#8221;no&#8221; wd_z_index=&#8221;no&#8221; woodmart_disable_overflow=&#8221;0&#8243;][vc_column_inner width=&#8221;1\/2&#8243;][\/vc_column_inner][\/vc_row_inner][\/vc_column][\/vc_row]<\/p>\n<\/div>","protected":false},"excerpt":{"rendered":"<p>[vc_row full_width=&#8221;stretch_row&#8221; css=&#8221;.vc_custom_1638374520038{margin-bottom: 80px !important;padding-top: 80px !important;padding-bottom: 80px !important;background-color: #fbfbfb !important;}&#8221; woodmart_parallax=&#8221;0&#8243; woodmart_gradient_switch=&#8221;no&#8221; row_reverse_mobile=&#8221;0&#8243; row_reverse_tablet=&#8221;0&#8243; woodmart_disable_overflow=&#8221;0&#8243; woodmart_css_id=&#8221;61a79c71cd85f&#8221; responsive_spacing=&#8221;eyJwYXJhbV90eXBlIjoid29vZG1hcnRfcmVzcG9uc2l2ZV9zcGFjaW5nIiwic2VsZWN0b3JfaWQiOiI2MWE3OWM3MWNkODVmIiwic2hvcnRjb2RlIjoidmNfcm93IiwiZGF0YSI6eyJ0YWJsZXQiOnt9LCJtb2JpbGUiOnt9fX0=&#8221; mobile_bg_img_hidden=&#8221;no&#8221; tablet_bg_img_hidden=&#8221;no&#8221;<\/p>\n","protected":false},"author":1,"featured_media":0,"parent":0,"menu_order":0,"comment_status":"closed","ping_status":"closed","template":"","meta":{"_joinchat":[],"footnotes":""},"class_list":["post-9533","page","type-page","status-publish","hentry"],"_links":{"self":[{"href":"https:\/\/www.alkilicinsaat.com\/index.php?rest_route=\/wp\/v2\/pages\/9533","targetHints":{"allow":["GET"]}}],"collection":[{"href":"https:\/\/www.alkilicinsaat.com\/index.php?rest_route=\/wp\/v2\/pages"}],"about":[{"href":"https:\/\/www.alkilicinsaat.com\/index.php?rest_route=\/wp\/v2\/types\/page"}],"author":[{"embeddable":true,"href":"https:\/\/www.alkilicinsaat.com\/index.php?rest_route=\/wp\/v2\/users\/1"}],"replies":[{"embeddable":true,"href":"https:\/\/www.alkilicinsaat.com\/index.php?rest_route=%2Fwp%2Fv2%2Fcomments&post=9533"}],"version-history":[{"count":15,"href":"https:\/\/www.alkilicinsaat.com\/index.php?rest_route=\/wp\/v2\/pages\/9533\/revisions"}],"predecessor-version":[{"id":9805,"href":"https:\/\/www.alkilicinsaat.com\/index.php?rest_route=\/wp\/v2\/pages\/9533\/revisions\/9805"}],"wp:attachment":[{"href":"https:\/\/www.alkilicinsaat.com\/index.php?rest_route=%2Fwp%2Fv2%2Fmedia&parent=9533"}],"curies":[{"name":"wp","href":"https:\/\/api.w.org\/{rel}","templated":true}]}}