{"id":5288,"date":"2021-08-25T09:00:10","date_gmt":"2021-08-25T09:00:10","guid":{"rendered":"http:\/\/dummy.xtemos.com\/woodmart2\/?page_id=5288"},"modified":"2025-03-21T21:53:05","modified_gmt":"2025-03-21T21:53:05","slug":"contact-us","status":"publish","type":"page","link":"https:\/\/www.alkilicinsaat.com\/?page_id=5288","title":{"rendered":"\u0130leti\u015fim"},"content":{"rendered":"<div class=\"wpb-content-wrapper\"><p>[vc_row][vc_column width=&#8221;2\/3&#8243;][vc_column_text css=&#8221;&#8221; woodmart_inline=&#8221;no&#8221; text_larger=&#8221;no&#8221;]<\/p>\r\n<section id=\"section-92a9130c-7c5f-4974-bb3b-eeb8a5532bb8\" class=\"wp-block-gutentor-advanced-columns gutentor-section gutentor-advanced-columns has-color-bg has-custom-bg\">\r\n<div class=\"grid-container\">\r\n<div class=\"grid-row\">\r\n<section id=\"section-05520ac7-1016-4ff4-881f-1c261959fafb\" class=\"wp-block-gutentor-single-column gutentor-single-column grid-lg-5 grid-md-12 grid-12 has-color-bg has-custom-bg\">\r\n<div id=\"section-cfc31675-a21f-47b6-ba35-39229ba5120e\" class=\"wp-block-gutentor-content-box gutentor-section gutentor-content-box-wrapper content-template1\">\r\n<div class=\"grid-container gutentor-rm-ct-space\">\r\n<div class=\"grid-row gutentor-grid-item-wrap\">\r\n<div class=\"gutentor-grid-column grid-lg-12 grid-md-12 grid-12\">\r\n<div class=\"gutentor-single-item gutentor-single-item-1\">\r\n<div class=\"gutentor-single-item-wrap\">\r\n<div class=\"gutentor-single-item-content\">\r\n<p class=\"gutentor-single-item-desc\"><strong><span style=\"color: #1b1919;\">\u0130leti\u015fim:<\/span><\/strong><\/p>\r\n<\/div>\r\n<\/div>\r\n<\/div>\r\n<\/div>\r\n<div class=\"gutentor-grid-column grid-lg-12 grid-md-12 grid-12\">\r\n<div class=\"gutentor-single-item gutentor-single-item-2\">\r\n<div class=\"gutentor-single-item-wrap\">\r\n<div class=\"gutentor-single-item-content\">\r\n<p class=\"gutentor-single-item-desc\"><strong>Addres:<\/strong> Feyzullah Mah. \u00c7etin Sok. No:4<\/p>\r\n<p class=\"gutentor-single-item-desc\">Maltepe | \u0130STANBUL | TR<br \/><strong>Tel:<\/strong> +90 533 483 41 32<br \/><strong>E-Posta:<\/strong> info@alkilicinsaat.com<\/p>\r\n<\/div>\r\n<\/div>\r\n<\/div>\r\n<\/div>\r\n<\/div>\r\n<\/div>\r\n<\/div>\r\n<\/section>\r\n<\/div>\r\n<\/div>\r\n<\/section>\r\n<p>[\/vc_column_text][\/vc_column][vc_column width=&#8221;1\/3&#8243;]\n<div class=\"wpcf7 no-js\" id=\"wpcf7-f9576-o1\" lang=\"tr-TR\" dir=\"ltr\" data-wpcf7-id=\"9576\">\n<div class=\"screen-reader-response\"><p role=\"status\" aria-live=\"polite\" aria-atomic=\"true\"><\/p> <ul><\/ul><\/div>\n<form action=\"\/index.php?rest_route=%2Fwp%2Fv2%2Fpages%2F5288#wpcf7-f9576-o1\" method=\"post\" class=\"wpcf7-form init\" aria-label=\"\u0130leti\u015fim Formu\" novalidate=\"novalidate\" data-status=\"init\">\n<div style=\"display: none;\">\n<input type=\"hidden\" name=\"_wpcf7\" value=\"9576\" \/>\n<input type=\"hidden\" name=\"_wpcf7_version\" value=\"6.0.5\" \/>\n<input type=\"hidden\" name=\"_wpcf7_locale\" value=\"tr_TR\" \/>\n<input type=\"hidden\" name=\"_wpcf7_unit_tag\" value=\"wpcf7-f9576-o1\" \/>\n<input type=\"hidden\" name=\"_wpcf7_container_post\" value=\"0\" \/>\n<input type=\"hidden\" name=\"_wpcf7_posted_data_hash\" value=\"\" \/>\n<\/div>\n<p><label> Ad Soyad<br \/>\n<span class=\"wpcf7-form-control-wrap\" data-name=\"your-name\"><input size=\"40\" maxlength=\"400\" class=\"wpcf7-form-control wpcf7-text wpcf7-validates-as-required\" autocomplete=\"name\" aria-required=\"true\" aria-invalid=\"false\" value=\"\" type=\"text\" name=\"your-name\" \/><\/span> <\/label><br \/>\n<label> Tel<br \/>\n<span class=\"wpcf7-form-control-wrap\" data-name=\"tel-109\"><input size=\"40\" maxlength=\"400\" class=\"wpcf7-form-control wpcf7-tel wpcf7-validates-as-required wpcf7-text wpcf7-validates-as-tel\" autocomplete=\"tel\" aria-required=\"true\" aria-invalid=\"false\" value=\"\" type=\"tel\" name=\"tel-109\" \/><\/span> <\/label><br \/>\n<label> E-posta Adresi<br \/>\n<span class=\"wpcf7-form-control-wrap\" data-name=\"your-email\"><input size=\"40\" maxlength=\"400\" class=\"wpcf7-form-control wpcf7-email wpcf7-validates-as-required wpcf7-text wpcf7-validates-as-email\" autocomplete=\"email\" aria-required=\"true\" aria-invalid=\"false\" value=\"\" type=\"email\" name=\"your-email\" \/><\/span> <\/label>\n<\/p>\n<p><label> Mesaj\u0131n\u0131z<br \/>\n<span class=\"wpcf7-form-control-wrap\" data-name=\"your-message\"><textarea cols=\"40\" rows=\"10\" maxlength=\"2000\" class=\"wpcf7-form-control wpcf7-textarea\" aria-invalid=\"false\" name=\"your-message\"><\/textarea><\/span> <\/label>\n<\/p>\n<p><input class=\"wpcf7-form-control wpcf7-submit has-spinner\" type=\"submit\" value=\"G\u00f6nder\" \/>\n<\/p><div class=\"wpcf7-response-output\" aria-hidden=\"true\"><\/div>\n<\/form>\n<\/div>\n[\/vc_column][\/vc_row][vc_row][vc_column][vc_goo_maps location=&#8221;Feyzullah Mah. \u00c7etin Sok. No:4 Maltepe \u0130stanbul&#8221; height=&#8221;400&#8243; css=&#8221;&#8221;][\/vc_column][\/vc_row]<\/p><\/div>","protected":false},"excerpt":{"rendered":"<p>[vc_row][vc_column width=&#8221;2\/3&#8243;][vc_column_text css=&#8221;&#8221; woodmart_inline=&#8221;no&#8221; text_larger=&#8221;no&#8221;] \u0130leti\u015fim: Addres: Feyzullah Mah. \u00c7etin Sok. No:4 Maltepe | \u0130STANBUL | TRTel: +90 533 483<\/p>\n","protected":false},"author":1,"featured_media":0,"parent":0,"menu_order":0,"comment_status":"closed","ping_status":"closed","template":"","meta":{"_joinchat":[],"footnotes":""},"class_list":["post-5288","page","type-page","status-publish","hentry"],"_links":{"self":[{"href":"https:\/\/www.alkilicinsaat.com\/index.php?rest_route=\/wp\/v2\/pages\/5288","targetHints":{"allow":["GET"]}}],"collection":[{"href":"https:\/\/www.alkilicinsaat.com\/index.php?rest_route=\/wp\/v2\/pages"}],"about":[{"href":"https:\/\/www.alkilicinsaat.com\/index.php?rest_route=\/wp\/v2\/types\/page"}],"author":[{"embeddable":true,"href":"https:\/\/www.alkilicinsaat.com\/index.php?rest_route=\/wp\/v2\/users\/1"}],"replies":[{"embeddable":true,"href":"https:\/\/www.alkilicinsaat.com\/index.php?rest_route=%2Fwp%2Fv2%2Fcomments&post=5288"}],"version-history":[{"count":16,"href":"https:\/\/www.alkilicinsaat.com\/index.php?rest_route=\/wp\/v2\/pages\/5288\/revisions"}],"predecessor-version":[{"id":9589,"href":"https:\/\/www.alkilicinsaat.com\/index.php?rest_route=\/wp\/v2\/pages\/5288\/revisions\/9589"}],"wp:attachment":[{"href":"https:\/\/www.alkilicinsaat.com\/index.php?rest_route=%2Fwp%2Fv2%2Fmedia&parent=5288"}],"curies":[{"name":"wp","href":"https:\/\/api.w.org\/{rel}","templated":true}]}}