{"id":4878,"date":"2021-08-18T14:52:03","date_gmt":"2021-08-18T14:52:03","guid":{"rendered":"http:\/\/dummy.xtemos.com\/woodmart2\/?page_id=4878"},"modified":"2025-11-25T08:14:19","modified_gmt":"2025-11-25T08:14:19","slug":"anasayfa","status":"publish","type":"page","link":"https:\/\/www.alkilicinsaat.com\/","title":{"rendered":"Anasayfa"},"content":{"rendered":"<div class=\"wpb-content-wrapper\"><p>[vc_row content_placement=&#8221;middle&#8221; mobile_bg_img_hidden=&#8221;no&#8221; tablet_bg_img_hidden=&#8221;no&#8221; woodmart_parallax=&#8221;0&#8243; woodmart_gradient_switch=&#8221;no&#8221; row_reverse_mobile=&#8221;1&#8243; row_reverse_tablet=&#8221;1&#8243; woodmart_disable_overflow=&#8221;0&#8243; css=&#8221;.vc_custom_1629124454365{margin-bottom: 40px !important;}&#8221; wd_z_index=&#8221;no&#8221; woodmart_css_id=&#8221;611a776079039&#8243; responsive_spacing=&#8221;eyJwYXJhbV90eXBlIjoid29vZG1hcnRfcmVzcG9uc2l2ZV9zcGFjaW5nIiwic2VsZWN0b3JfaWQiOiI2MTFhNzc2MDc5MDM5Iiwic2hvcnRjb2RlIjoidmNfcm93IiwiZGF0YSI6eyJ0YWJsZXQiOnt9LCJtb2JpbGUiOnsibWFyZ2luLWJvdHRvbSI6IjIwIn19fQ==&#8221;][vc_column css=&#8221;.vc_custom_1629124191161{margin-bottom: 40px !important;padding-top: 0px !important;}&#8221; mobile_bg_img_hidden=&#8221;no&#8221; tablet_bg_img_hidden=&#8221;no&#8221; woodmart_parallax=&#8221;0&#8243; woodmart_sticky_column=&#8221;false&#8221; parallax_scroll=&#8221;no&#8221; mobile_reset_margin=&#8221;no&#8221; tablet_reset_margin=&#8221;no&#8221; offset=&#8221;vc_col-lg-6 vc_col-md-5&#8243; wd_z_index=&#8221;no&#8221; woodmart_css_id=&#8221;611a765b5ab74&#8243; responsive_spacing=&#8221;eyJwYXJhbV90eXBlIjoid29vZG1hcnRfcmVzcG9uc2l2ZV9zcGFjaW5nIiwic2VsZWN0b3JfaWQiOiI2MTFhNzY1YjVhYjc0Iiwic2hvcnRjb2RlIjoidmNfY29sdW1uIiwiZGF0YSI6eyJ0YWJsZXQiOnt9LCJtb2JpbGUiOnt9fX0=&#8221;]\t\t<div id=\"wd-67e200b05cc92\" class=\"wd-image wd-wpb wd-rs-67e200b05cc92 text-center vc_custom_1742864577938\">\n\t\t\t\n\t\t\t<img loading=\"lazy\" decoding=\"async\" width=\"2560\" height=\"1810\" src=\"https:\/\/www.alkilicinsaat.com\/wp-content\/uploads\/2025\/03\/2351-ADA-60-PARSEL-KATALOG-1_250317_223752.pdf-image-000-1-scaled.jpg\" class=\"attachment-full size-full\" alt=\"\" srcset=\"https:\/\/www.alkilicinsaat.com\/wp-content\/uploads\/2025\/03\/2351-ADA-60-PARSEL-KATALOG-1_250317_223752.pdf-image-000-1-scaled.jpg 2560w, https:\/\/www.alkilicinsaat.com\/wp-content\/uploads\/2025\/03\/2351-ADA-60-PARSEL-KATALOG-1_250317_223752.pdf-image-000-1-400x283.jpg 400w, https:\/\/www.alkilicinsaat.com\/wp-content\/uploads\/2025\/03\/2351-ADA-60-PARSEL-KATALOG-1_250317_223752.pdf-image-000-1-1131x800.jpg 1131w, https:\/\/www.alkilicinsaat.com\/wp-content\/uploads\/2025\/03\/2351-ADA-60-PARSEL-KATALOG-1_250317_223752.pdf-image-000-1-768x543.jpg 768w, https:\/\/www.alkilicinsaat.com\/wp-content\/uploads\/2025\/03\/2351-ADA-60-PARSEL-KATALOG-1_250317_223752.pdf-image-000-1-1536x1086.jpg 1536w, https:\/\/www.alkilicinsaat.com\/wp-content\/uploads\/2025\/03\/2351-ADA-60-PARSEL-KATALOG-1_250317_223752.pdf-image-000-1-2048x1448.jpg 2048w, https:\/\/www.alkilicinsaat.com\/wp-content\/uploads\/2025\/03\/2351-ADA-60-PARSEL-KATALOG-1_250317_223752.pdf-image-000-1-430x304.jpg 430w, https:\/\/www.alkilicinsaat.com\/wp-content\/uploads\/2025\/03\/2351-ADA-60-PARSEL-KATALOG-1_250317_223752.pdf-image-000-1-700x495.jpg 700w, https:\/\/www.alkilicinsaat.com\/wp-content\/uploads\/2025\/03\/2351-ADA-60-PARSEL-KATALOG-1_250317_223752.pdf-image-000-1-150x106.jpg 150w\" sizes=\"auto, (max-width: 2560px) 100vw, 2560px\" \/>\n\t\t\t\t\t<\/div>\n\t\t[\/vc_column][vc_column offset=&#8221;vc_col-lg-6 vc_col-md-6 vc_col-xs-12&#8243; mobile_bg_img_hidden=&#8221;no&#8221; tablet_bg_img_hidden=&#8221;no&#8221; woodmart_parallax=&#8221;0&#8243; woodmart_sticky_column=&#8221;false&#8221; parallax_scroll=&#8221;no&#8221; mobile_reset_margin=&#8221;no&#8221; tablet_reset_margin=&#8221;no&#8221; css=&#8221;.vc_custom_1742864540442{margin-bottom: 60px !important;padding-top: 0px !important;padding-right: 15% !important;padding-left: 15% !important;background-color: #DD9933 !important;}&#8221; wd_z_index=&#8221;no&#8221; woodmart_css_id=&#8221;67e20069a3962&#8243; responsive_spacing=&#8221;eyJwYXJhbV90eXBlIjoid29vZG1hcnRfcmVzcG9uc2l2ZV9zcGFjaW5nIiwic2VsZWN0b3JfaWQiOiI2N2UyMDA2OWEzOTYyIiwic2hvcnRjb2RlIjoidmNfY29sdW1uIiwiZGF0YSI6eyJ0YWJsZXQiOnt9LCJtb2JpbGUiOnt9fX0=&#8221; wd_collapsible_content_switcher=&#8221;no&#8221; wd_column_role_offcanvas_desktop=&#8221;no&#8221; wd_column_role_offcanvas_tablet=&#8221;no&#8221; wd_column_role_offcanvas_mobile=&#8221;no&#8221; wd_column_role_content_desktop=&#8221;no&#8221; wd_column_role_content_tablet=&#8221;no&#8221; wd_column_role_content_mobile=&#8221;no&#8221; woodmart_box_shadow=&#8221;no&#8221;][vc_column_text css_animation=&#8221;rollIn&#8221; css=&#8221;&#8221; woodmart_inline=&#8221;no&#8221; text_larger=&#8221;no&#8221;]<\/p>\n<p class=\"\" data-start=\"141\" data-end=\"435\"><strong><span style=\"color: #000000;\"><span style=\"vertical-align: inherit;\"><span style=\"vertical-align: inherit;\">Alk\u0131l\u0131\u00e7\u00a0 \u0130n\u015faat,<\/span><\/span><\/span><\/strong><\/p>\n<p class=\"\" data-start=\"141\" data-end=\"435\"><strong><span style=\"color: #000000;\"><span style=\"vertical-align: inherit;\"><span style=\"vertical-align: inherit;\">Y\u0131llard\u0131r in\u015faat sekt\u00f6r\u00fcnde elde etti\u011fimiz deneyimle, bug\u00fcne kadar bir\u00e7ok ba\u015far\u0131l\u0131 projeye imza att\u0131k. Her projede, kaliteli ve g\u00fcvenilir yap\u0131lar in\u015fa etmenin yan\u0131 s\u0131ra, teknolojiyi takip ederek yenilik\u00e7i \u00e7\u00f6z\u00fcmler sunmay\u0131 da \u00f6ncelik edindik.<\/span><\/span><\/span><\/strong><\/p>\n<p class=\"\" data-start=\"437\" data-end=\"713\"><strong><span style=\"color: #000000;\"><span style=\"vertical-align: inherit;\"><span style=\"vertical-align: inherit;\">Firmam\u0131z, sekt\u00f6rdeki 25+ y\u0131ll\u0131k tecr\u00fcbesiyle, her ge\u00e7en g\u00fcn geli\u015fen ve de\u011fi\u015fen in\u015faat d\u00fcnyas\u0131na ayak uydurmakta olduk\u00e7a ba\u015far\u0131l\u0131. Modern in\u015faat tekniklerin projelerimizde etkin bir \u015fekilde kullanarak, hem h\u0131z hem de kalite a\u00e7\u0131s\u0131ndan fark yarat\u0131yoruz.<\/span><\/span><\/span><\/strong><\/p>\n<p>[\/vc_column_text][\/vc_column][\/vc_row][vc_row content_placement=&#8221;middle&#8221; css=&#8221;.vc_custom_1626857711131{margin-bottom: 70px !important;}&#8221; woodmart_css_id=&#8221;60f7e0e78e935&#8243; responsive_spacing=&#8221;eyJwYXJhbV90eXBlIjoid29vZG1hcnRfcmVzcG9uc2l2ZV9zcGFjaW5nIiwic2VsZWN0b3JfaWQiOiI2MGY3ZTBlNzhlOTM1Iiwic2hvcnRjb2RlIjoidmNfcm93IiwiZGF0YSI6eyJ0YWJsZXQiOnsibWFyZ2luLWJvdHRvbSI6IjYwIn0sIm1vYmlsZSI6eyJtYXJnaW4tYm90dG9tIjoiNDAifX19&#8243; mobile_bg_img_hidden=&#8221;no&#8221; tablet_bg_img_hidden=&#8221;no&#8221; woodmart_parallax=&#8221;0&#8243; woodmart_gradient_switch=&#8221;no&#8221; row_reverse_mobile=&#8221;0&#8243; row_reverse_tablet=&#8221;0&#8243; woodmart_disable_overflow=&#8221;0&#8243;][vc_column width=&#8221;1\/2&#8243; css=&#8221;.vc_custom_1626857714544{padding-top: 10px !important;padding-bottom: 10px !important;}&#8221; woodmart_css_id=&#8221;60f7e0f11a63b&#8221; responsive_spacing=&#8221;eyJwYXJhbV90eXBlIjoid29vZG1hcnRfcmVzcG9uc2l2ZV9zcGFjaW5nIiwic2VsZWN0b3JfaWQiOiI2MGY3ZTBmMTFhNjNiIiwic2hvcnRjb2RlIjoidmNfY29sdW1uIiwiZGF0YSI6eyJ0YWJsZXQiOnt9LCJtb2JpbGUiOnt9fX0=&#8221; parallax_scroll=&#8221;no&#8221; mobile_bg_img_hidden=&#8221;no&#8221; tablet_bg_img_hidden=&#8221;no&#8221; woodmart_parallax=&#8221;0&#8243; woodmart_sticky_column=&#8221;false&#8221; mobile_reset_margin=&#8221;no&#8221; tablet_reset_margin=&#8221;no&#8221;][\/vc_column][vc_column width=&#8221;1\/2&#8243; woodmart_text_align=&#8221;center&#8221; css=&#8221;.vc_custom_1626857745118{padding-top: 10px !important;padding-bottom: 10px !important;}&#8221; woodmart_css_id=&#8221;60f7e10d7cd36&#8243; responsive_spacing=&#8221;eyJwYXJhbV90eXBlIjoid29vZG1hcnRfcmVzcG9uc2l2ZV9zcGFjaW5nIiwic2VsZWN0b3JfaWQiOiI2MGY3ZTEwZDdjZDM2Iiwic2hvcnRjb2RlIjoidmNfY29sdW1uIiwiZGF0YSI6eyJ0YWJsZXQiOnt9LCJtb2JpbGUiOnt9fX0=&#8221; parallax_scroll=&#8221;no&#8221; mobile_bg_img_hidden=&#8221;no&#8221; tablet_bg_img_hidden=&#8221;no&#8221; woodmart_parallax=&#8221;0&#8243; woodmart_sticky_column=&#8221;false&#8221; mobile_reset_margin=&#8221;no&#8221; tablet_reset_margin=&#8221;no&#8221;]\t\t<div id=\"wd-67e337961534c\" class=\"wd-text-block wd-wpb reset-last-child wd-rs-67e337961534c text-center wd-font-weight-600 wd-fontsize-s font-primary vc_custom_1742944158456\">\n\t\t\t\t\t<\/div>\n\t\t\n\t\t<div id=\"wd-67e337ec854ce\" class=\"title-wrapper wd-wpb wd-set-mb reset-last-child  wd-rs-67e337ec854ce wd-title-color-default wd-title-style-default text-center vc_custom_1742944243235 wd-width-enabled wd-underline-colored\" style=\"--wd-max-width: 90%;\">\n\t\t\t\n\t\t\t<div class=\"liner-continer\">\n\t\t\t\t<h4 class=\"woodmart-title-container title  wd-font-weight- wd-fontsize-xxl\" >``Kampanyal\u0131 ve Avantajl\u0131 Fiyatlardan Faydalanmak \u0130\u00e7in Bizimle \u0130leti\u015fime Ge\u00e7ebilirsiniz``<\/h4>\n\t\t\t\t\t\t\t<\/div>\n\t\t\t\n\t\t\t\n\t\t\t\n\t\t<\/div>\n\t\t\n\t\t<div id=\"wd-67e337fd7f8d9\" class=\" wd-rs-67e337fd7f8d9  wd-button-wrapper text-center inline-element\"><a href=\"http:\/\/www.alkilicinsaat.com\/?page_id=5288\" title=\"\u0130leti\u015fim\" class=\"btn btn-color-black btn-style-default btn-shape-round btn-size-default\">B\u0130ZE ULA\u015eIN!<\/a><\/div>[\/vc_column][\/vc_row][vc_row][vc_column][\/vc_column][\/vc_row]<\/p>\n<\/div>","protected":false},"excerpt":{"rendered":"<p>[vc_row content_placement=&#8221;middle&#8221; mobile_bg_img_hidden=&#8221;no&#8221; tablet_bg_img_hidden=&#8221;no&#8221; woodmart_parallax=&#8221;0&#8243; woodmart_gradient_switch=&#8221;no&#8221; row_reverse_mobile=&#8221;1&#8243; row_reverse_tablet=&#8221;1&#8243; woodmart_disable_overflow=&#8221;0&#8243; css=&#8221;.vc_custom_1629124454365{margin-bottom: 40px !important;}&#8221; wd_z_index=&#8221;no&#8221; woodmart_css_id=&#8221;611a776079039&#8243; responsive_spacing=&#8221;eyJwYXJhbV90eXBlIjoid29vZG1hcnRfcmVzcG9uc2l2ZV9zcGFjaW5nIiwic2VsZWN0b3JfaWQiOiI2MTFhNzc2MDc5MDM5Iiwic2hvcnRjb2RlIjoidmNfcm93IiwiZGF0YSI6eyJ0YWJsZXQiOnt9LCJtb2JpbGUiOnsibWFyZ2luLWJvdHRvbSI6IjIwIn19fQ==&#8221;][vc_column css=&#8221;.vc_custom_1629124191161{margin-bottom: 40px !important;padding-top: 0px !important;}&#8221;<\/p>\n","protected":false},"author":1,"featured_media":0,"parent":0,"menu_order":0,"comment_status":"closed","ping_status":"closed","template":"","meta":{"_joinchat":[],"footnotes":""},"class_list":["post-4878","page","type-page","status-publish","hentry"],"_links":{"self":[{"href":"https:\/\/www.alkilicinsaat.com\/index.php?rest_route=\/wp\/v2\/pages\/4878","targetHints":{"allow":["GET"]}}],"collection":[{"href":"https:\/\/www.alkilicinsaat.com\/index.php?rest_route=\/wp\/v2\/pages"}],"about":[{"href":"https:\/\/www.alkilicinsaat.com\/index.php?rest_route=\/wp\/v2\/types\/page"}],"author":[{"embeddable":true,"href":"https:\/\/www.alkilicinsaat.com\/index.php?rest_route=\/wp\/v2\/users\/1"}],"replies":[{"embeddable":true,"href":"https:\/\/www.alkilicinsaat.com\/index.php?rest_route=%2Fwp%2Fv2%2Fcomments&post=4878"}],"version-history":[{"count":19,"href":"https:\/\/www.alkilicinsaat.com\/index.php?rest_route=\/wp\/v2\/pages\/4878\/revisions"}],"predecessor-version":[{"id":9816,"href":"https:\/\/www.alkilicinsaat.com\/index.php?rest_route=\/wp\/v2\/pages\/4878\/revisions\/9816"}],"wp:attachment":[{"href":"https:\/\/www.alkilicinsaat.com\/index.php?rest_route=%2Fwp%2Fv2%2Fmedia&parent=4878"}],"curies":[{"name":"wp","href":"https:\/\/api.w.org\/{rel}","templated":true}]}}